{"id":2647,"date":"2022-11-14T22:36:22","date_gmt":"2022-11-14T21:36:22","guid":{"rendered":"http:\/\/cad-deb.com\/?page_id=2647"},"modified":"2025-09-02T21:51:24","modified_gmt":"2025-09-02T19:51:24","slug":"mini-stage-2","status":"publish","type":"page","link":"https:\/\/cad-deb.com\/index.php\/mini-stage-2\/","title":{"rendered":"MINI STAGE"},"content":{"rendered":"\n\n\n<h2><strong style=\"color: rgb(239, 127, 26);\">I MINI STAGE<\/strong><\/h2>\n\n\n\n\n<p><strong><span style=\"color: rgb(35, 54, 108); font-size: large;\">CAD-DEB si offre<span style=\"\"> di organizzare i Mini Stage presso le Vostre strutture per favorire lo sviluppo delle diverse SKILL dei vostri giocatori e per consentirvi di essere protagonisti attivi sul Vostro territorio relativamente alla diffusione del gioco del Rugby.<br>Non esitate a contattarci cliccando sul link qui sotto per organizzare i MiniStage presso la vostra struttura!<br>Sar\u00e0 l&#8217;occasione per offrire una concreta possibilit\u00e0 di crescita ai vostri giocatori e a tutti coloro che vorranno partecipare!<\/span><\/span><span style=\"color:#23366C;\"><\/span><\/strong><\/p>\n\n\n\n\n\n<h2><strong style=\"color: rgb(239, 127, 26);\">GIOCO al PIEDE<\/strong><\/h2>\n<p style=\"color: rgb(35, 54, 108); text-align: justify;\"><strong>L&#8217;importanza del gioco al piede nel rugby moderno \u00e8 rilevante ma allo stesso tempo spesso trascurata.\nSpesso infatti risulta difficile per i nostri educatori dedicare il giusto tempo a questa parte del gioco, questo nonostante un&#8217;attivit\u00e0 ricca sul piano formativo.\nIl successo dei nostri Stage Estivi ha senza dubbio confermato la validit\u00e0 del nostro metodo, atto a rafforzare e sviluppare questa caratteristica del gioco del rugby moderno.<\/strong><\/p>\n\n\n<h2><strong style=\"color: rgb(35, 54, 108);\">MISCHIA<\/strong><\/h2>\n<p style=\"color: rgb(35, 54, 108); text-align: justify;\"><strong>La mischia \u00e8 una delle situazioni di gioco pi\u00f9 complesse ed importanti di questo bellissimo sport. Ogni ruolo del pacchetto, a partire dalle prime linee, \u00e8 altamente specializzato.\nNel rugby moderno, la mischia, intesa come il pacchetto di giocatori con i diversi ruoli, assume un valore strategico che precedentemente non era mai stato cos\u00ec alto.\nSapendo questo, si capisce quanto sia necessario dedicare alla mischia e ad ogni ruolo di cui si compone, una specifica preparazione al fine di poter trarre il meglio anche da altre situazioni, come la Ruck o la Touche.<br>Forti dell&#8217;esperienza che proviene dagli Stage Rugby, con Jean Luc, Alessandro e Ivan, vi proponiamo i Mini Stage dedicati a Mischia, Ruck e Touche.<\/strong><\/p>\n\n\n<h2><strong style=\"color: rgb(239, 127, 26);\">SKILLS<\/strong><\/h2>\n<p style=\"color: rgb(35, 54, 108); text-align: justify;\"><strong>Le skills rivestono un&#8217;importanza notevole nell&#8217;allenamento dei nostri ragazzi. La capacit\u00e0 di eseguire un gesto nel modo giusto, assieme alla capacit\u00e0 decisionale e alla visione di gioco, aiutano a crescere e a sviluppare la consapevolezza del gioco.\nI Mini Stage Skills, grazie all&#8217;esperienza acquisita sul campo da Jean Luc, Alessandro ed\u00a0 Ivan, si propongono di approfondire l&#8217;insegnamento dei fondamentali e di tutti i gesti in funzione delle situazioni di gioco, attraverso esercizi mirati e simulazioni il pi\u00f9 possibile reali. <\/strong><\/p>\n\n\n\n\n\n\n\n\n\n\n\n\n\n\n\n\n\n\n\n\n","protected":false},"excerpt":{"rendered":"","protected":false},"author":3,"featured_media":0,"parent":0,"menu_order":0,"comment_status":"closed","ping_status":"closed","template":"","meta":{"pagelayer_contact_templates":[],"_pagelayer_content":"","footnotes":""},"class_list":["post-2647","page","type-page","status-publish","hentry"],"yoast_head":"<!-- This site is optimized with the Yoast SEO plugin v24.2 - https:\/\/yoast.com\/wordpress\/plugins\/seo\/ -->\n<title>MINI STAGE -<\/title>\n<meta name=\"robots\" content=\"index, follow, max-snippet:-1, max-image-preview:large, max-video-preview:-1\" \/>\n<link rel=\"canonical\" href=\"https:\/\/cad-deb.com\/index.php\/mini-stage-2\/\" \/>\n<meta property=\"og:locale\" content=\"it_IT\" \/>\n<meta property=\"og:type\" content=\"article\" \/>\n<meta property=\"og:title\" content=\"MINI STAGE -\" \/>\n<meta property=\"og:url\" content=\"https:\/\/cad-deb.com\/index.php\/mini-stage-2\/\" \/>\n<meta property=\"article:publisher\" content=\"https:\/\/www.facebook.com\/ministagesrugbyeurope\/\" \/>\n<meta property=\"article:modified_time\" content=\"2025-09-02T19:51:24+00:00\" \/>\n<meta name=\"twitter:card\" content=\"summary_large_image\" \/>\n<meta name=\"twitter:label1\" content=\"Tempo di lettura stimato\" \/>\n\t<meta name=\"twitter:data1\" content=\"2 minuti\" \/>\n<script type=\"application\/ld+json\" class=\"yoast-schema-graph\">{\"@context\":\"https:\/\/schema.org\",\"@graph\":[{\"@type\":\"WebPage\",\"@id\":\"https:\/\/cad-deb.com\/index.php\/mini-stage-2\/\",\"url\":\"https:\/\/cad-deb.com\/index.php\/mini-stage-2\/\",\"name\":\"MINI STAGE -\",\"isPartOf\":{\"@id\":\"https:\/\/cad-deb.com\/#website\"},\"datePublished\":\"2022-11-14T21:36:22+00:00\",\"dateModified\":\"2025-09-02T19:51:24+00:00\",\"breadcrumb\":{\"@id\":\"https:\/\/cad-deb.com\/index.php\/mini-stage-2\/#breadcrumb\"},\"inLanguage\":\"it-IT\",\"potentialAction\":[{\"@type\":\"ReadAction\",\"target\":[\"https:\/\/cad-deb.com\/index.php\/mini-stage-2\/\"]}]},{\"@type\":\"BreadcrumbList\",\"@id\":\"https:\/\/cad-deb.com\/index.php\/mini-stage-2\/#breadcrumb\",\"itemListElement\":[{\"@type\":\"ListItem\",\"position\":1,\"name\":\"Home\",\"item\":\"https:\/\/cad-deb.com\/\"},{\"@type\":\"ListItem\",\"position\":2,\"name\":\"MINI STAGE\"}]},{\"@type\":\"WebSite\",\"@id\":\"https:\/\/cad-deb.com\/#website\",\"url\":\"https:\/\/cad-deb.com\/\",\"name\":\"CAD-DEB\",\"description\":\"Stage Europeo Di Rugby\",\"publisher\":{\"@id\":\"https:\/\/cad-deb.com\/#organization\"},\"potentialAction\":[{\"@type\":\"SearchAction\",\"target\":{\"@type\":\"EntryPoint\",\"urlTemplate\":\"https:\/\/cad-deb.com\/?s={search_term_string}\"},\"query-input\":{\"@type\":\"PropertyValueSpecification\",\"valueRequired\":true,\"valueName\":\"search_term_string\"}}],\"inLanguage\":\"it-IT\"},{\"@type\":\"Organization\",\"@id\":\"https:\/\/cad-deb.com\/#organization\",\"name\":\"STAGES RUGBY EUROPE\",\"url\":\"https:\/\/cad-deb.com\/\",\"logo\":{\"@type\":\"ImageObject\",\"inLanguage\":\"it-IT\",\"@id\":\"https:\/\/cad-deb.com\/#\/schema\/logo\/image\/\",\"url\":\"https:\/\/cad-deb.com\/wp-content\/uploads\/2025\/01\/LOGOCADDEB.png\",\"contentUrl\":\"https:\/\/cad-deb.com\/wp-content\/uploads\/2025\/01\/LOGOCADDEB.png\",\"width\":155,\"height\":149,\"caption\":\"STAGES RUGBY EUROPE\"},\"image\":{\"@id\":\"https:\/\/cad-deb.com\/#\/schema\/logo\/image\/\"},\"sameAs\":[\"https:\/\/www.facebook.com\/ministagesrugbyeurope\/\"]}]}<\/script>\n<!-- \/ Yoast SEO plugin. -->","yoast_head_json":{"title":"MINI STAGE -","robots":{"index":"index","follow":"follow","max-snippet":"max-snippet:-1","max-image-preview":"max-image-preview:large","max-video-preview":"max-video-preview:-1"},"canonical":"https:\/\/cad-deb.com\/index.php\/mini-stage-2\/","og_locale":"it_IT","og_type":"article","og_title":"MINI STAGE -","og_url":"https:\/\/cad-deb.com\/index.php\/mini-stage-2\/","article_publisher":"https:\/\/www.facebook.com\/ministagesrugbyeurope\/","article_modified_time":"2025-09-02T19:51:24+00:00","twitter_card":"summary_large_image","twitter_misc":{"Tempo di lettura stimato":"2 minuti"},"schema":{"@context":"https:\/\/schema.org","@graph":[{"@type":"WebPage","@id":"https:\/\/cad-deb.com\/index.php\/mini-stage-2\/","url":"https:\/\/cad-deb.com\/index.php\/mini-stage-2\/","name":"MINI STAGE -","isPartOf":{"@id":"https:\/\/cad-deb.com\/#website"},"datePublished":"2022-11-14T21:36:22+00:00","dateModified":"2025-09-02T19:51:24+00:00","breadcrumb":{"@id":"https:\/\/cad-deb.com\/index.php\/mini-stage-2\/#breadcrumb"},"inLanguage":"it-IT","potentialAction":[{"@type":"ReadAction","target":["https:\/\/cad-deb.com\/index.php\/mini-stage-2\/"]}]},{"@type":"BreadcrumbList","@id":"https:\/\/cad-deb.com\/index.php\/mini-stage-2\/#breadcrumb","itemListElement":[{"@type":"ListItem","position":1,"name":"Home","item":"https:\/\/cad-deb.com\/"},{"@type":"ListItem","position":2,"name":"MINI STAGE"}]},{"@type":"WebSite","@id":"https:\/\/cad-deb.com\/#website","url":"https:\/\/cad-deb.com\/","name":"CAD-DEB","description":"Stage Europeo Di Rugby","publisher":{"@id":"https:\/\/cad-deb.com\/#organization"},"potentialAction":[{"@type":"SearchAction","target":{"@type":"EntryPoint","urlTemplate":"https:\/\/cad-deb.com\/?s={search_term_string}"},"query-input":{"@type":"PropertyValueSpecification","valueRequired":true,"valueName":"search_term_string"}}],"inLanguage":"it-IT"},{"@type":"Organization","@id":"https:\/\/cad-deb.com\/#organization","name":"STAGES RUGBY EUROPE","url":"https:\/\/cad-deb.com\/","logo":{"@type":"ImageObject","inLanguage":"it-IT","@id":"https:\/\/cad-deb.com\/#\/schema\/logo\/image\/","url":"https:\/\/cad-deb.com\/wp-content\/uploads\/2025\/01\/LOGOCADDEB.png","contentUrl":"https:\/\/cad-deb.com\/wp-content\/uploads\/2025\/01\/LOGOCADDEB.png","width":155,"height":149,"caption":"STAGES RUGBY EUROPE"},"image":{"@id":"https:\/\/cad-deb.com\/#\/schema\/logo\/image\/"},"sameAs":["https:\/\/www.facebook.com\/ministagesrugbyeurope\/"]}]}},"_links":{"self":[{"href":"https:\/\/cad-deb.com\/index.php\/wp-json\/wp\/v2\/pages\/2647","targetHints":{"allow":["GET"]}}],"collection":[{"href":"https:\/\/cad-deb.com\/index.php\/wp-json\/wp\/v2\/pages"}],"about":[{"href":"https:\/\/cad-deb.com\/index.php\/wp-json\/wp\/v2\/types\/page"}],"author":[{"embeddable":true,"href":"https:\/\/cad-deb.com\/index.php\/wp-json\/wp\/v2\/users\/3"}],"replies":[{"embeddable":true,"href":"https:\/\/cad-deb.com\/index.php\/wp-json\/wp\/v2\/comments?post=2647"}],"version-history":[{"count":9,"href":"https:\/\/cad-deb.com\/index.php\/wp-json\/wp\/v2\/pages\/2647\/revisions"}],"predecessor-version":[{"id":2892,"href":"https:\/\/cad-deb.com\/index.php\/wp-json\/wp\/v2\/pages\/2647\/revisions\/2892"}],"wp:attachment":[{"href":"https:\/\/cad-deb.com\/index.php\/wp-json\/wp\/v2\/media?parent=2647"}],"curies":[{"name":"wp","href":"https:\/\/api.w.org\/{rel}","templated":true}]}}