{"id":2429,"date":"2021-10-16T12:26:44","date_gmt":"2021-10-16T10:26:44","guid":{"rendered":"http:\/\/cad-deb.com\/?page_id=2429"},"modified":"2025-09-02T21:34:48","modified_gmt":"2025-09-02T19:34:48","slug":"stage-estivo","status":"publish","type":"page","link":"https:\/\/cad-deb.com\/index.php\/stage-estivo\/","title":{"rendered":"STAGE ESTIVO"},"content":{"rendered":"\n\n\n<h2><strong style=\"color: rgb(239, 127, 26);\">Lavarone (TN) &#8211; dal 05 al 10 Luglio 2026<\/strong><\/h2>\n\n\n\n\n<h2><strong style=\"color: rgb(239, 127, 26);\">En Lavarone (Trentin &#8211; Italie) &#8211; du 05 au 10 Juillet 2026<\/strong><\/h2>\n\n\n\n\n\n\n\n\n\n\n\n\n\n\n\n\n\n\n\n\n\n\n\n\n<p style=\"color: rgb(0, 0, 0); text-align: justify;\">Nel rugby moderno nulla \u00e8 pi\u00f9 importante del concetto di <strong>&#8220;movimento&#8221;<\/strong> inteso come la capacit\u00e0 del giocatore di individuare e gestire lo spazio in campo durante il gioco aperto ed anche nelle fasi statiche.\nChiaramente il gesto, relativamente alla tecnica individuale, deve essere il pi\u00f9 preciso possibile per adattarsi al meglio alle diverse situazioni, altrimenti il gioco finir\u00e0 per stagnare, non sviluppandosi in velocit\u00e0.\nPer tutto questo, per venire incontro alle esigenze di squadra e del singolo giocatore, vi proponiamo lo <strong>Stage Rugby di<\/strong> <strong>Tecnica Individuale e Lavoro Specifico per Ruolo<\/strong>.&nbsp;\nUna migliore tecnica individuale aumenter\u00e0 la fiducia dei vostri atleti.<strong><em><br>Educatori diplomati \nFFR: F\u00e9d\u00e9ration Fran\u00e7aise de Rugby<br>Presenza permanente \ndi Medico e Osteopata.<\/em><\/strong><\/p>\n\n\n<p style=\"color: rgb(0, 0, 0);\">A seguito del grande successo dell&#8217;edizione 2024, riproponiamo lo <strong>SPECIALE KIDS<\/strong>.\nQuesto Stage, con finalit\u00e0 diverse rispetto allo <strong>Speciale eXperience<\/strong>, \u00e8 dedicato a chi milita nelle categorie Under10 e Under12.\nAlle societ\u00e0 che invieranno almeno 8 tesserati di queste categorie, sar\u00e0 offerto il soggiorno gratuito per un educatore per tutta la durata dello Stage!\nInvitiamo quindi le Societ\u00e0 a contattarci per avere tutte le informazioni del caso.<\/p>\n\n\n<p style=\"text-align: justify; color: rgb(0, 0, 0);\">Rien ne pourra remplacer le concept du mouvement g\u00e9n\u00e9ral n\u00e9cessaire \u00e0 la formation du joueur dans sa capacit\u00e9 \u00e0 lire et g\u00e9rer les espaces libres.\nN\u00e9anmoins le geste sp\u00e9cifique adapt\u00e9 \u00e0 la situation pr\u00e9cise rel\u00e8ve de la technique individuelle, sans ce geste effectu\u00e9 de maniere pr\u00e9cise, le mouvement g\u00e9n\u00e9ral ne pourra aller de l\u2019avant.\nEn cela nous vous proposons le : <strong>Stage de technique individuelle et jeu<\/strong> par poste pour r\u00e9pondre \u00e0 cette exigence.\n<strong>Sans technique individuelle le joueur ne peut avoir confiance<\/strong>.<br><em><strong><br><\/strong><\/em><\/p><p style=\"text-align: justify;\"><font color=\"#000000\"><b><i>\u00c9ducateurs<\/i><\/b><em><strong>&nbsp;dipl\u00f4m\u00e9s par la FFR: F\u00e9d\u00e9ration Fran\u00e7aise de Rugby<\/strong><\/em><\/font><\/p><p style=\"text-align: justify;\"><font color=\"#000000\"><em><strong>Pr\u00e9sence permanente du m\u00e9decin et de l&#8217;ost\u00e9opathe.<\/strong><\/em><\/font><\/p>\n\n\n\n\n\n\n\n\n<h2><strong style=\"color: rgb(239, 127, 26);\">Per ragazzi e ragazze nati dal 2009 al 2013<br>\u20ac 520,00<\/strong><\/h2>\n\n\n<h2><font color=\"#ef7f1a\"><b>Richiedi Info<br>a jlsans@gmail.com<\/b><\/font><\/h2>\n\n\n\n<h2><strong style=\"color: rgb(239, 127, 26);\">Pour gar\u00e7ons et filles de 2013 \u00e0 2009<br>\u20ac 520,00<br>(Hors transport)<\/strong><\/h2>\n\n\n\n\n\n\n\n\n\n","protected":false},"excerpt":{"rendered":"","protected":false},"author":2,"featured_media":0,"parent":0,"menu_order":0,"comment_status":"closed","ping_status":"closed","template":"","meta":{"pagelayer_contact_templates":[],"_pagelayer_content":"","footnotes":""},"class_list":["post-2429","page","type-page","status-publish","hentry"],"yoast_head":"<!-- This site is optimized with the Yoast SEO plugin v24.2 - https:\/\/yoast.com\/wordpress\/plugins\/seo\/ -->\n<title>STAGE ESTIVO -<\/title>\n<meta name=\"robots\" content=\"index, follow, max-snippet:-1, max-image-preview:large, max-video-preview:-1\" \/>\n<link rel=\"canonical\" href=\"https:\/\/cad-deb.com\/index.php\/stage-estivo\/\" \/>\n<meta property=\"og:locale\" content=\"it_IT\" \/>\n<meta property=\"og:type\" content=\"article\" \/>\n<meta property=\"og:title\" content=\"STAGE ESTIVO -\" \/>\n<meta property=\"og:url\" content=\"https:\/\/cad-deb.com\/index.php\/stage-estivo\/\" \/>\n<meta property=\"article:publisher\" content=\"https:\/\/www.facebook.com\/ministagesrugbyeurope\/\" \/>\n<meta property=\"article:modified_time\" content=\"2025-09-02T19:34:48+00:00\" \/>\n<meta name=\"twitter:card\" content=\"summary_large_image\" \/>\n<meta name=\"twitter:label1\" content=\"Tempo di lettura stimato\" \/>\n\t<meta name=\"twitter:data1\" content=\"2 minuti\" \/>\n<script type=\"application\/ld+json\" class=\"yoast-schema-graph\">{\"@context\":\"https:\/\/schema.org\",\"@graph\":[{\"@type\":\"WebPage\",\"@id\":\"https:\/\/cad-deb.com\/index.php\/stage-estivo\/\",\"url\":\"https:\/\/cad-deb.com\/index.php\/stage-estivo\/\",\"name\":\"STAGE ESTIVO -\",\"isPartOf\":{\"@id\":\"https:\/\/cad-deb.com\/#website\"},\"datePublished\":\"2021-10-16T10:26:44+00:00\",\"dateModified\":\"2025-09-02T19:34:48+00:00\",\"breadcrumb\":{\"@id\":\"https:\/\/cad-deb.com\/index.php\/stage-estivo\/#breadcrumb\"},\"inLanguage\":\"it-IT\",\"potentialAction\":[{\"@type\":\"ReadAction\",\"target\":[\"https:\/\/cad-deb.com\/index.php\/stage-estivo\/\"]}]},{\"@type\":\"BreadcrumbList\",\"@id\":\"https:\/\/cad-deb.com\/index.php\/stage-estivo\/#breadcrumb\",\"itemListElement\":[{\"@type\":\"ListItem\",\"position\":1,\"name\":\"Home\",\"item\":\"https:\/\/cad-deb.com\/\"},{\"@type\":\"ListItem\",\"position\":2,\"name\":\"STAGE ESTIVO\"}]},{\"@type\":\"WebSite\",\"@id\":\"https:\/\/cad-deb.com\/#website\",\"url\":\"https:\/\/cad-deb.com\/\",\"name\":\"CAD-DEB\",\"description\":\"Stage Europeo Di Rugby\",\"publisher\":{\"@id\":\"https:\/\/cad-deb.com\/#organization\"},\"potentialAction\":[{\"@type\":\"SearchAction\",\"target\":{\"@type\":\"EntryPoint\",\"urlTemplate\":\"https:\/\/cad-deb.com\/?s={search_term_string}\"},\"query-input\":{\"@type\":\"PropertyValueSpecification\",\"valueRequired\":true,\"valueName\":\"search_term_string\"}}],\"inLanguage\":\"it-IT\"},{\"@type\":\"Organization\",\"@id\":\"https:\/\/cad-deb.com\/#organization\",\"name\":\"STAGES RUGBY EUROPE\",\"url\":\"https:\/\/cad-deb.com\/\",\"logo\":{\"@type\":\"ImageObject\",\"inLanguage\":\"it-IT\",\"@id\":\"https:\/\/cad-deb.com\/#\/schema\/logo\/image\/\",\"url\":\"https:\/\/cad-deb.com\/wp-content\/uploads\/2025\/01\/LOGOCADDEB.png\",\"contentUrl\":\"https:\/\/cad-deb.com\/wp-content\/uploads\/2025\/01\/LOGOCADDEB.png\",\"width\":155,\"height\":149,\"caption\":\"STAGES RUGBY EUROPE\"},\"image\":{\"@id\":\"https:\/\/cad-deb.com\/#\/schema\/logo\/image\/\"},\"sameAs\":[\"https:\/\/www.facebook.com\/ministagesrugbyeurope\/\"]}]}<\/script>\n<!-- \/ Yoast SEO plugin. -->","yoast_head_json":{"title":"STAGE ESTIVO -","robots":{"index":"index","follow":"follow","max-snippet":"max-snippet:-1","max-image-preview":"max-image-preview:large","max-video-preview":"max-video-preview:-1"},"canonical":"https:\/\/cad-deb.com\/index.php\/stage-estivo\/","og_locale":"it_IT","og_type":"article","og_title":"STAGE ESTIVO -","og_url":"https:\/\/cad-deb.com\/index.php\/stage-estivo\/","article_publisher":"https:\/\/www.facebook.com\/ministagesrugbyeurope\/","article_modified_time":"2025-09-02T19:34:48+00:00","twitter_card":"summary_large_image","twitter_misc":{"Tempo di lettura stimato":"2 minuti"},"schema":{"@context":"https:\/\/schema.org","@graph":[{"@type":"WebPage","@id":"https:\/\/cad-deb.com\/index.php\/stage-estivo\/","url":"https:\/\/cad-deb.com\/index.php\/stage-estivo\/","name":"STAGE ESTIVO -","isPartOf":{"@id":"https:\/\/cad-deb.com\/#website"},"datePublished":"2021-10-16T10:26:44+00:00","dateModified":"2025-09-02T19:34:48+00:00","breadcrumb":{"@id":"https:\/\/cad-deb.com\/index.php\/stage-estivo\/#breadcrumb"},"inLanguage":"it-IT","potentialAction":[{"@type":"ReadAction","target":["https:\/\/cad-deb.com\/index.php\/stage-estivo\/"]}]},{"@type":"BreadcrumbList","@id":"https:\/\/cad-deb.com\/index.php\/stage-estivo\/#breadcrumb","itemListElement":[{"@type":"ListItem","position":1,"name":"Home","item":"https:\/\/cad-deb.com\/"},{"@type":"ListItem","position":2,"name":"STAGE ESTIVO"}]},{"@type":"WebSite","@id":"https:\/\/cad-deb.com\/#website","url":"https:\/\/cad-deb.com\/","name":"CAD-DEB","description":"Stage Europeo Di Rugby","publisher":{"@id":"https:\/\/cad-deb.com\/#organization"},"potentialAction":[{"@type":"SearchAction","target":{"@type":"EntryPoint","urlTemplate":"https:\/\/cad-deb.com\/?s={search_term_string}"},"query-input":{"@type":"PropertyValueSpecification","valueRequired":true,"valueName":"search_term_string"}}],"inLanguage":"it-IT"},{"@type":"Organization","@id":"https:\/\/cad-deb.com\/#organization","name":"STAGES RUGBY EUROPE","url":"https:\/\/cad-deb.com\/","logo":{"@type":"ImageObject","inLanguage":"it-IT","@id":"https:\/\/cad-deb.com\/#\/schema\/logo\/image\/","url":"https:\/\/cad-deb.com\/wp-content\/uploads\/2025\/01\/LOGOCADDEB.png","contentUrl":"https:\/\/cad-deb.com\/wp-content\/uploads\/2025\/01\/LOGOCADDEB.png","width":155,"height":149,"caption":"STAGES RUGBY EUROPE"},"image":{"@id":"https:\/\/cad-deb.com\/#\/schema\/logo\/image\/"},"sameAs":["https:\/\/www.facebook.com\/ministagesrugbyeurope\/"]}]}},"_links":{"self":[{"href":"https:\/\/cad-deb.com\/index.php\/wp-json\/wp\/v2\/pages\/2429","targetHints":{"allow":["GET"]}}],"collection":[{"href":"https:\/\/cad-deb.com\/index.php\/wp-json\/wp\/v2\/pages"}],"about":[{"href":"https:\/\/cad-deb.com\/index.php\/wp-json\/wp\/v2\/types\/page"}],"author":[{"embeddable":true,"href":"https:\/\/cad-deb.com\/index.php\/wp-json\/wp\/v2\/users\/2"}],"replies":[{"embeddable":true,"href":"https:\/\/cad-deb.com\/index.php\/wp-json\/wp\/v2\/comments?post=2429"}],"version-history":[{"count":12,"href":"https:\/\/cad-deb.com\/index.php\/wp-json\/wp\/v2\/pages\/2429\/revisions"}],"predecessor-version":[{"id":2890,"href":"https:\/\/cad-deb.com\/index.php\/wp-json\/wp\/v2\/pages\/2429\/revisions\/2890"}],"wp:attachment":[{"href":"https:\/\/cad-deb.com\/index.php\/wp-json\/wp\/v2\/media?parent=2429"}],"curies":[{"name":"wp","href":"https:\/\/api.w.org\/{rel}","templated":true}]}}